{"id":711,"date":"2025-08-05T10:23:04","date_gmt":"2025-08-05T08:23:04","guid":{"rendered":"https:\/\/castagnina.com\/?post_type=product&#038;p=711"},"modified":"2025-09-11T21:24:37","modified_gmt":"2025-09-11T19:24:37","slug":"grembiule-castagnina-in-corallo","status":"publish","type":"product","link":"https:\/\/castagnina.com\/it\/produit\/tablier-castagnina-coloris-corail\/","title":{"rendered":"Grembiule Castagnina in corallo"},"content":{"rendered":"<h3>Dimensioni<\/h3>\n<p>Lunghezza 90 cm; larghezza 68 cm<\/p>\n<h3>Fabbricazione<\/h3>\n<p>Cucire con la macchina da cucire, a Bocognano<\/p>\n<h3>Composizione<\/h3>\n<p>Stampato su cotone organico a norma Oeko-Tex (309 g\/m\u00b2). Stampato in Europa.<\/p>\n<h3>Manutenzione<\/h3>\n<p>I colori possono essere lavati in lavatrice a 60\u00b0.<\/p>","protected":false},"excerpt":{"rendered":"<p>Per completare la nostra gamma di biancheria da cucina, ecco il grembiule Castagnina, disegnato e realizzato da J\u00e9r\u00e9my e Acquarius nel suo laboratorio di Bocognanu.<\/p>\n<p>Cotone super organico oeko-tex resistente in lavatrice, stampe vivaci, un estratto del <em>Lamentu di u Castagnu<\/em> sul rovescio e una vestibilit\u00e0 perfetta: un<span lang=\"it-IT\"> classa in cucina...<\/span><\/p>\n<p>E ghj\u00e8 impurtante, perch\u00e9 se ci riflettimu b\u00e8: che sia per ingordigia, per amore dei buoni prodotti, per desiderio di condivisione o semplicemente per pragmatismo, tutti noi passiamo una quantit\u00e0 smodata di tempo nelle nostre cucine! Quindi \u00e8 bene che ci si senta a casa, pezz\u00f2 e al sicuro dalle fuoriuscite.<\/p>\n<p>Con le sue dimensioni generose, il grembiule Castagnina \u00e8 adatto a tutte le forme e a tutte le taglie: con una pettorina ben coperta e una lunghezza sotto il ginocchio, potrete dedicarvi al vostro lavoro: imburrare, schiacciare, impastare, sfogliare, tritare, sgrassare, cuocere a fuoco lento, saltare in padella...<\/p>\n<p>E con il colore dell'anice, vi sentirete particolarmente irresistibili in cucina!<\/p>","protected":false},"featured_media":818,"template":"","meta":{"_acf_changed":false,"_kad_blocks_custom_css":"","_kad_blocks_head_custom_js":"","_kad_blocks_body_custom_js":"","_kad_blocks_footer_custom_js":"","_kad_post_transparent":"default","_kad_post_title":"","_kad_post_layout":"default","_kad_post_sidebar_id":"","_kad_post_content_style":"default","_kad_post_vertical_padding":"default","_kad_post_feature":"","_kad_post_feature_position":"","_kad_post_header":false,"_kad_post_footer":false,"_kad_post_classname":"","footnotes":""},"createur_":[20],"product_cat":[33,40],"product_tag":[],"class_list":{"0":"post-711","1":"product","2":"type-product","3":"status-publish","4":"has-post-thumbnail","6":"createur_-acquarius","7":"product_cat-textile","8":"product_cat-linge-de-maison","10":"first","11":"instock","12":"shipping-taxable","13":"purchasable","14":"product-type-simple","15":"entry","16":"content-bg","17":"loop-entry"},"acf":[],"taxonomy_info":{"createur_":[{"value":20,"label":"Acquarius"}],"product_cat":[{"value":33,"label":"Textile"},{"value":40,"label":"Linge de maison"}]},"featured_image_src_large":["https:\/\/castagnina.com\/wp-content\/uploads\/sites\/35\/2025\/09\/tablier-corail-834x1024.jpg",834,1024,true],"author_info":[],"comment_info":"","_links":{"self":[{"href":"https:\/\/castagnina.com\/it\/wp-json\/wp\/v2\/product\/711","targetHints":{"allow":["GET"]}}],"collection":[{"href":"https:\/\/castagnina.com\/it\/wp-json\/wp\/v2\/product"}],"about":[{"href":"https:\/\/castagnina.com\/it\/wp-json\/wp\/v2\/types\/product"}],"version-history":[{"count":0,"href":"https:\/\/castagnina.com\/it\/wp-json\/wp\/v2\/product\/711\/revisions"}],"wp:featuredmedia":[{"embeddable":true,"href":"https:\/\/castagnina.com\/it\/wp-json\/wp\/v2\/media\/818"}],"wp:attachment":[{"href":"https:\/\/castagnina.com\/it\/wp-json\/wp\/v2\/media?parent=711"}],"wp:term":[{"taxonomy":"createur_","embeddable":true,"href":"https:\/\/castagnina.com\/it\/wp-json\/wp\/v2\/createur_?post=711"},{"taxonomy":"product_cat","embeddable":true,"href":"https:\/\/castagnina.com\/it\/wp-json\/wp\/v2\/product_cat?post=711"},{"taxonomy":"product_tag","embeddable":true,"href":"https:\/\/castagnina.com\/it\/wp-json\/wp\/v2\/product_tag?post=711"}],"curies":[{"name":"wp","href":"https:\/\/api.w.org\/{rel}","templated":true}]}}