{"id":682,"date":"2025-11-08T14:32:29","date_gmt":"2025-11-08T13:32:29","guid":{"rendered":"https:\/\/castagnina.com\/?post_type=product&#038;p=682"},"modified":"2025-11-30T14:49:12","modified_gmt":"2025-11-30T13:49:12","slug":"pullone-mobile","status":"publish","type":"product","link":"https:\/\/castagnina.com\/it\/produit\/mobile-pullone\/","title":{"rendered":"Pullone mobile"},"content":{"rendered":"","protected":false},"excerpt":{"rendered":"<p><img loading=\"lazy\" decoding=\"async\" class=\"alignnone size-medium wp-image-1076\" src=\"https:\/\/castagnina.com\/wp-content\/uploads\/sites\/35\/2025\/11\/IMG_3253-225x300.jpg\" alt=\"\" width=\"225\" height=\"300\" srcset=\"https:\/\/castagnina.com\/wp-content\/uploads\/sites\/35\/2025\/11\/IMG_3253-225x300.jpg 225w, https:\/\/castagnina.com\/wp-content\/uploads\/sites\/35\/2025\/11\/IMG_3253-768x1024.jpg 768w, https:\/\/castagnina.com\/wp-content\/uploads\/sites\/35\/2025\/11\/IMG_3253-1152x1536.jpg 1152w, https:\/\/castagnina.com\/wp-content\/uploads\/sites\/35\/2025\/11\/IMG_3253-1536x2048.jpg 1536w, https:\/\/castagnina.com\/wp-content\/uploads\/sites\/35\/2025\/11\/IMG_3253-9x12.jpg 9w, https:\/\/castagnina.com\/wp-content\/uploads\/sites\/35\/2025\/11\/IMG_3253-1200x1600.jpg 1200w, https:\/\/castagnina.com\/wp-content\/uploads\/sites\/35\/2025\/11\/IMG_3253-scaled.jpg 1920w\" sizes=\"auto, (max-width: 225px) 100vw, 225px\" \/><\/p>","protected":false},"featured_media":1075,"template":"","meta":{"_acf_changed":false,"_kad_blocks_custom_css":"","_kad_blocks_head_custom_js":"","_kad_blocks_body_custom_js":"","_kad_blocks_footer_custom_js":"","_kad_post_transparent":"default","_kad_post_title":"","_kad_post_layout":"default","_kad_post_sidebar_id":"","_kad_post_content_style":"default","_kad_post_vertical_padding":"default","_kad_post_feature":"","_kad_post_feature_position":"","_kad_post_header":false,"_kad_post_footer":false,"_kad_post_classname":"","footnotes":""},"createur_":[21,18],"product_cat":[43,44,46,33],"product_tag":[],"class_list":{"0":"post-682","1":"product","2":"type-product","3":"status-publish","4":"has-post-thumbnail","6":"createur_-aragonita","7":"createur_-balberg-shop","8":"product_cat-bois","9":"product_cat-decoration","10":"product_cat-selection-noel","11":"product_cat-textile","13":"first","14":"instock","15":"shipping-taxable","16":"purchasable","17":"product-type-simple","18":"entry","19":"content-bg","20":"loop-entry"},"acf":[],"taxonomy_info":{"createur_":[{"value":21,"label":"Aragonita"},{"value":18,"label":"Balberg Shop"}],"product_cat":[{"value":43,"label":"Bois"},{"value":44,"label":"D\u00e9coration"},{"value":46,"label":"S\u00e9lection No\u00ebl"},{"value":33,"label":"Textile"}]},"featured_image_src_large":["https:\/\/castagnina.com\/wp-content\/uploads\/sites\/35\/2025\/11\/IMG_3230-1-924x1024.jpg",924,1024,true],"author_info":[],"comment_info":"","_links":{"self":[{"href":"https:\/\/castagnina.com\/it\/wp-json\/wp\/v2\/product\/682","targetHints":{"allow":["GET"]}}],"collection":[{"href":"https:\/\/castagnina.com\/it\/wp-json\/wp\/v2\/product"}],"about":[{"href":"https:\/\/castagnina.com\/it\/wp-json\/wp\/v2\/types\/product"}],"version-history":[{"count":0,"href":"https:\/\/castagnina.com\/it\/wp-json\/wp\/v2\/product\/682\/revisions"}],"wp:featuredmedia":[{"embeddable":true,"href":"https:\/\/castagnina.com\/it\/wp-json\/wp\/v2\/media\/1075"}],"wp:attachment":[{"href":"https:\/\/castagnina.com\/it\/wp-json\/wp\/v2\/media?parent=682"}],"wp:term":[{"taxonomy":"createur_","embeddable":true,"href":"https:\/\/castagnina.com\/it\/wp-json\/wp\/v2\/createur_?post=682"},{"taxonomy":"product_cat","embeddable":true,"href":"https:\/\/castagnina.com\/it\/wp-json\/wp\/v2\/product_cat?post=682"},{"taxonomy":"product_tag","embeddable":true,"href":"https:\/\/castagnina.com\/it\/wp-json\/wp\/v2\/product_tag?post=682"}],"curies":[{"name":"wp","href":"https:\/\/api.w.org\/{rel}","templated":true}]}}