{"id":673,"date":"2025-08-05T09:45:41","date_gmt":"2025-08-05T07:45:41","guid":{"rendered":"https:\/\/castagnina.com\/?post_type=product&#038;p=673"},"modified":"2025-09-11T21:24:37","modified_gmt":"2025-09-11T19:24:37","slug":"mini-tappeto-tuffte-campanese","status":"publish","type":"product","link":"https:\/\/castagnina.com\/it\/produit\/mini-tapis-tufte-campanese\/","title":{"rendered":"Tappeto Mini Tufted Campanese"},"content":{"rendered":"<div id=\"tab-description\" class=\"woocommerce-Tabs-panel woocommerce-Tabs-panel--description panel entry-content wc-tab\" role=\"tabpanel\" aria-labelledby=\"tab-title-description\">\n<h3>Dimensioni<\/h3>\n<p>18 cm x 18 cm<\/p>\n<h3>Fabbricazione<\/h3>\n<p>Cucito a mano e con il ciuffo<\/p>\n<h3>Composizione<\/h3>\n<p>Lana sintetica tuftata su una struttura di juta laminata su tela (Sandrine ha scelto di utilizzare solo tela riciclata per il retro del tappeto in nome dell'eco-responsabilit\u00e0: i pezzi variano a seconda del tessuto riciclato).<\/p>\n<h3>Manutenzione<\/h3>\n<p>\u00c8 sufficiente spolverarlo di tanto in tanto e strofinarlo con acqua e sapone di Marsiglia in caso di macchie.<\/p>\n<\/div>\n<div id=\"tab-additional_information\" class=\"woocommerce-Tabs-panel woocommerce-Tabs-panel--additional_information panel entry-content wc-tab\" role=\"tabpanel\" aria-labelledby=\"tab-title-additional_information\"><\/div>","protected":false},"excerpt":{"rendered":"<div class=\"woocommerce-product-details__short-description\">\n<p>Che ne direste di un adorabile, morbido e colorato tappeto in castagno da posizionare sul comodino, sul com\u00f2 o sulla scrivania? Realizzato con cura da Sandrine nel suo villaggio di Alandu, questo mini tappeto in castagno \u00e8 perfetto per i vostri gioielli, occhiali o altri tesori... A met\u00e0 strada tra un divisorio e un centrino rivisitato, il nostro mini Campanese far\u00e0 sicuramente parlare di s\u00e9!<\/p>\n<\/div>","protected":false},"featured_media":278,"template":"","meta":{"_acf_changed":false,"_kad_blocks_custom_css":"","_kad_blocks_head_custom_js":"","_kad_blocks_body_custom_js":"","_kad_blocks_footer_custom_js":"","_kad_post_transparent":"default","_kad_post_title":"","_kad_post_layout":"default","_kad_post_sidebar_id":"","_kad_post_content_style":"default","_kad_post_vertical_padding":"default","_kad_post_feature":"","_kad_post_feature_position":"","_kad_post_header":false,"_kad_post_footer":false,"_kad_post_classname":"","footnotes":""},"createur_":[26],"product_cat":[44,33],"product_tag":[],"class_list":{"0":"post-673","1":"product","2":"type-product","3":"status-publish","4":"has-post-thumbnail","6":"createur_-creasognu","7":"product_cat-decoration","8":"product_cat-textile","10":"first","11":"instock","12":"shipping-taxable","13":"purchasable","14":"product-type-simple","15":"entry","16":"content-bg","17":"loop-entry"},"acf":[],"taxonomy_info":{"createur_":[{"value":26,"label":"Creasognu"}],"product_cat":[{"value":44,"label":"D\u00e9coration"},{"value":33,"label":"Textile"}]},"featured_image_src_large":["https:\/\/castagnina.com\/wp-content\/uploads\/sites\/35\/2025\/07\/baby-tapis-brun-768x1024.jpeg",768,1024,true],"author_info":[],"comment_info":"","_links":{"self":[{"href":"https:\/\/castagnina.com\/it\/wp-json\/wp\/v2\/product\/673","targetHints":{"allow":["GET"]}}],"collection":[{"href":"https:\/\/castagnina.com\/it\/wp-json\/wp\/v2\/product"}],"about":[{"href":"https:\/\/castagnina.com\/it\/wp-json\/wp\/v2\/types\/product"}],"version-history":[{"count":0,"href":"https:\/\/castagnina.com\/it\/wp-json\/wp\/v2\/product\/673\/revisions"}],"wp:featuredmedia":[{"embeddable":true,"href":"https:\/\/castagnina.com\/it\/wp-json\/wp\/v2\/media\/278"}],"wp:attachment":[{"href":"https:\/\/castagnina.com\/it\/wp-json\/wp\/v2\/media?parent=673"}],"wp:term":[{"taxonomy":"createur_","embeddable":true,"href":"https:\/\/castagnina.com\/it\/wp-json\/wp\/v2\/createur_?post=673"},{"taxonomy":"product_cat","embeddable":true,"href":"https:\/\/castagnina.com\/it\/wp-json\/wp\/v2\/product_cat?post=673"},{"taxonomy":"product_tag","embeddable":true,"href":"https:\/\/castagnina.com\/it\/wp-json\/wp\/v2\/product_tag?post=673"}],"curies":[{"name":"wp","href":"https:\/\/api.w.org\/{rel}","templated":true}]}}