{"id":619,"date":"2025-08-04T16:02:19","date_gmt":"2025-08-04T14:02:19","guid":{"rendered":"https:\/\/castagnina.com\/?post_type=product&#038;p=619"},"modified":"2025-11-07T18:06:23","modified_gmt":"2025-11-07T17:06:23","slug":"piatto-in-ceramica-di-castagno","status":"publish","type":"product","link":"https:\/\/castagnina.com\/it\/produit\/assiette-chataigne-en-ceramique\/","title":{"rendered":"Piatto in ceramica di castagno"},"content":{"rendered":"<h3>Dimensioni<\/h3>\n<p>13 cm x 13 cm (poich\u00e9 ogni pezzo \u00e8 unico, ci possono essere delle variazioni, e lo stesso vale per il peso, che pu\u00f2 variare tra 160 e 210 g!)<\/p>\n<h3>Fabbricazione<\/h3>\n<p>Lavorazione a mano: stampaggio della forma, tornitura della base e infine smaltatura (anche in questo caso lo smalto \u00e8 spruzzato a mano, per cui ci sono variazioni di colore dal marrone chiaro al marrone scuro, a volte con sfumature di verde).<\/p>\n<h3>Composizione<\/h3>\n<p>Argilla rossa (gres) e smalti naturali<\/p>\n<h3>Manutenzione<\/h3>\n<p>Lavare a mano o in lavastoviglie. Evitate per\u00f2 l'aceto bianco, che tende a ossidare lo smalto.<\/p>","protected":false},"excerpt":{"rendered":"<p>Ah, il piacere impareggiabile delle belle stoviglie! Per uno spuntino, un dessert o un aperitivo, abbiamo ideato questi piccoli piatti in ceramica smaltata. Rotondi e lucidi, trasformeranno la vostra tavola in un castagneto muschiato! Inoltre, sono stati modellati e smaltati da Marie Leonelli, pioniera della Corsicada e della rinascita dell'artigianato corso negli anni Settanta. La perfetta combinazione di nutrimento terreno e spirituale!<\/p>","protected":false},"featured_media":939,"template":"","meta":{"_acf_changed":false,"_kad_blocks_custom_css":"","_kad_blocks_head_custom_js":"","_kad_blocks_body_custom_js":"","_kad_blocks_footer_custom_js":"","_kad_post_transparent":"default","_kad_post_title":"","_kad_post_layout":"default","_kad_post_sidebar_id":"","_kad_post_content_style":"default","_kad_post_vertical_padding":"default","_kad_post_feature":"","_kad_post_feature_position":"","_kad_post_header":false,"_kad_post_footer":false,"_kad_post_classname":"","footnotes":""},"createur_":[30],"product_cat":[36],"product_tag":[],"class_list":{"0":"post-619","1":"product","2":"type-product","3":"status-publish","4":"has-post-thumbnail","6":"createur_-marie-leonelli","7":"product_cat-ceramique","9":"first","10":"outofstock","11":"shipping-taxable","12":"purchasable","13":"product-type-simple","14":"entry","15":"content-bg","16":"loop-entry"},"acf":[],"taxonomy_info":{"createur_":[{"value":30,"label":"Marie Leonelli"}],"product_cat":[{"value":36,"label":"C\u00e9ramique"}]},"featured_image_src_large":["https:\/\/castagnina.com\/wp-content\/uploads\/sites\/35\/2025\/09\/assiette-Marie-Leonelli-foncee-826x1024.jpg",826,1024,true],"author_info":[],"comment_info":"","_links":{"self":[{"href":"https:\/\/castagnina.com\/it\/wp-json\/wp\/v2\/product\/619","targetHints":{"allow":["GET"]}}],"collection":[{"href":"https:\/\/castagnina.com\/it\/wp-json\/wp\/v2\/product"}],"about":[{"href":"https:\/\/castagnina.com\/it\/wp-json\/wp\/v2\/types\/product"}],"version-history":[{"count":0,"href":"https:\/\/castagnina.com\/it\/wp-json\/wp\/v2\/product\/619\/revisions"}],"wp:featuredmedia":[{"embeddable":true,"href":"https:\/\/castagnina.com\/it\/wp-json\/wp\/v2\/media\/939"}],"wp:attachment":[{"href":"https:\/\/castagnina.com\/it\/wp-json\/wp\/v2\/media?parent=619"}],"wp:term":[{"taxonomy":"createur_","embeddable":true,"href":"https:\/\/castagnina.com\/it\/wp-json\/wp\/v2\/createur_?post=619"},{"taxonomy":"product_cat","embeddable":true,"href":"https:\/\/castagnina.com\/it\/wp-json\/wp\/v2\/product_cat?post=619"},{"taxonomy":"product_tag","embeddable":true,"href":"https:\/\/castagnina.com\/it\/wp-json\/wp\/v2\/product_tag?post=619"}],"curies":[{"name":"wp","href":"https:\/\/api.w.org\/{rel}","templated":true}]}}