{"id":616,"date":"2025-08-04T16:00:42","date_gmt":"2025-08-04T14:00:42","guid":{"rendered":"https:\/\/castagnina.com\/?post_type=product&#038;p=616"},"modified":"2025-11-07T18:07:35","modified_gmt":"2025-11-07T17:07:35","slug":"poster-pulenda","status":"publish","type":"product","link":"https:\/\/castagnina.com\/it\/produit\/affiche-pulenda\/","title":{"rendered":"Poster Pulenda"},"content":{"rendered":"<h3>Dimensioni<\/h3>\n<p>La riproduzione del disegno di Cha Raffalli \u00e8 in formato A3, cio\u00e8 297 mm x 420 mm.<\/p>\n<h3>Fabbricazione<\/h3>\n<p>Il poster \u00e8 stato stampato da una scansione del disegno originale a penna bic.<\/p>\n<p><span style=\"font-family: 'Josefin Sans', sans-serif;font-size: 24px;font-weight: normal\">Composizione<\/span><\/p>\n<p>Carta da 180 grammi e stampa laser<\/p>\n<h3>Manutenzione<\/h3>\n<p>Il modo migliore per prendersi cura del proprio poster \u00e8, ovviamente, incorniciarlo per proteggerlo dalle intemperie!<\/p>\n<p>&nbsp;<\/p>","protected":false},"excerpt":{"rendered":"<p>\u00c8 inverno, le giornate sono corte e il freddo significa pi\u00f9 preoccupazioni... Ma \u00e8 anche il tempo benedetto delle clementine, della pulenda e dei pasti con la famiglia e gli amici! Dopo la raccolta e l'essiccazione, le castagne vanno al mulino e la farina \u00e8 finalmente arrivata! \u00c8 il momento della pulenda, ed \u00e8 con grande gioia che tiriamo fuori la paghjola, il pulendaghju e lo strofinaccio...<\/p>\n<p>In questo disegno di Cha Raffalli c'\u00e8 tutto! La fatica di girare, la fatica di tenere, la fatica di mantenere la giusta consistenza e di cucinare alla perfezione... Il lavoro di squadra che rende possibile condividere le delizie. Il gusto di essere e fare insieme.<\/p>\n<p>Charlotte ha disegnato questa scena, che ci riporta alla memoria, con la sua eterna penna bic: uno strumento minimalista al servizio di una tradizione costruita sulla semplicit\u00e0. Abbiamo voluto che diventasse un poster, in formato A3, per accompagnarvi durante tutto l'anno.<\/p>","protected":false},"featured_media":872,"template":"","meta":{"_acf_changed":false,"_kad_blocks_custom_css":"","_kad_blocks_head_custom_js":"","_kad_blocks_body_custom_js":"","_kad_blocks_footer_custom_js":"","_kad_post_transparent":"default","_kad_post_title":"","_kad_post_layout":"default","_kad_post_sidebar_id":"","_kad_post_content_style":"default","_kad_post_vertical_padding":"default","_kad_post_feature":"","_kad_post_feature_position":"","_kad_post_header":false,"_kad_post_footer":false,"_kad_post_classname":"","footnotes":""},"createur_":[24],"product_cat":[35],"product_tag":[],"class_list":{"0":"post-616","1":"product","2":"type-product","3":"status-publish","4":"has-post-thumbnail","6":"createur_-cha-raffalli","7":"product_cat-edition","9":"first","10":"outofstock","11":"shipping-taxable","12":"purchasable","13":"product-type-simple","14":"entry","15":"content-bg","16":"loop-entry"},"acf":[],"taxonomy_info":{"createur_":[{"value":24,"label":"Cha Raffalli"}],"product_cat":[{"value":35,"label":"\u00c9dition"}]},"featured_image_src_large":["https:\/\/castagnina.com\/wp-content\/uploads\/sites\/35\/2025\/09\/pulenda-et-des-hommes-740x1024.jpg",740,1024,true],"author_info":[],"comment_info":"","_links":{"self":[{"href":"https:\/\/castagnina.com\/it\/wp-json\/wp\/v2\/product\/616","targetHints":{"allow":["GET"]}}],"collection":[{"href":"https:\/\/castagnina.com\/it\/wp-json\/wp\/v2\/product"}],"about":[{"href":"https:\/\/castagnina.com\/it\/wp-json\/wp\/v2\/types\/product"}],"version-history":[{"count":0,"href":"https:\/\/castagnina.com\/it\/wp-json\/wp\/v2\/product\/616\/revisions"}],"wp:featuredmedia":[{"embeddable":true,"href":"https:\/\/castagnina.com\/it\/wp-json\/wp\/v2\/media\/872"}],"wp:attachment":[{"href":"https:\/\/castagnina.com\/it\/wp-json\/wp\/v2\/media?parent=616"}],"wp:term":[{"taxonomy":"createur_","embeddable":true,"href":"https:\/\/castagnina.com\/it\/wp-json\/wp\/v2\/createur_?post=616"},{"taxonomy":"product_cat","embeddable":true,"href":"https:\/\/castagnina.com\/it\/wp-json\/wp\/v2\/product_cat?post=616"},{"taxonomy":"product_tag","embeddable":true,"href":"https:\/\/castagnina.com\/it\/wp-json\/wp\/v2\/product_tag?post=616"}],"curies":[{"name":"wp","href":"https:\/\/api.w.org\/{rel}","templated":true}]}}