{"id":149,"date":"2025-07-01T08:39:24","date_gmt":"2025-07-01T06:39:24","guid":{"rendered":"https:\/\/033.stand.pm\/woo\/?page_id=149"},"modified":"2025-07-25T14:39:23","modified_gmt":"2025-07-25T12:39:23","slug":"legale","status":"publish","type":"page","link":"https:\/\/castagnina.com\/it\/legal\/","title":{"rendered":"\ud80c\udc80 Avviso legale"},"content":{"rendered":"<p><strong>Editore del sito<\/strong><\/p>\n\n\n\n<ul id=\"adresse-mail\" class=\"wp-block-list\">\n<li><strong>Nome o ragione sociale<\/strong>: Vannina Bernard-L\u00e9oni<\/li>\n\n\n\n<li><strong>Forma giuridica<\/strong>Microimpresa<\/li>\n\n\n\n<li><strong>Indirizzo della sede legale<\/strong>: <\/li>\n\n\n\n<li><strong>Numero di telefono<\/strong>: <\/li>\n\n\n\n<li><strong>Indirizzo e-mail di contatto<\/strong>: contact@castagnina.com<\/li>\n\n\n\n<li><strong>Numero di registrazione<\/strong>: <\/li>\n\n\n\n<li><strong>Direttore editoriale<\/strong>: Vannina Bernard-L\u00e9oni<\/li>\n<\/ul>\n\n\n\n<p><strong>Hosting<\/strong><\/p>\n\n\n\n<ul class=\"wp-block-list\">\n<li><strong>Ospite<\/strong>: Stand<\/li>\n\n\n\n<li><strong>Indirizzo dell'host<\/strong>Pentone, 20221 Cervioni, UE<\/li>\n<\/ul>\n\n\n\n<p><strong>Propriet\u00e0 intellettuale<\/strong><br>L'intero contenuto del sito CASTAGNINA.COM, di seguito denominato \"Sito\": testi, immagini, grafici, loghi, icone, suoni, software, ecc. \u00e8 di propriet\u00e0 di Vannina Bernard-L\u00e9oni, di seguito denominata \"Societ\u00e0\", ed \u00e8 soggetto ad autorizzazione d'uso. \u00c8 vietata la riproduzione, la rappresentazione, la modifica, la pubblicazione, l'adattamento di tutti o parte degli elementi del sito, qualunque sia il mezzo o il processo utilizzato, salvo previa autorizzazione scritta della Societ\u00e0.<\/p>\n\n\n\n<p><strong>Condizioni generali di utilizzo<\/strong><br>L'utilizzo del sito implica la piena accettazione delle condizioni generali di utilizzo descritte di seguito. Tali condizioni possono essere modificate o integrate in qualsiasi momento, pertanto si consiglia agli utenti del sito di consultarle regolarmente.<\/p>\n\n\n\n<p><strong>Protezione dei dati personali<\/strong><br>Le informazioni raccolte tramite i moduli di questo sito vengono registrate dalla Societ\u00e0 per l'analisi statistica del numero di visitatori e per la gestione commerciale. Ai sensi della legge sulla protezione dei dati e del RGPD, potete esercitare i vostri diritti di accesso, rettifica e opposizione ai dati che vi riguardano rivolgendovi a <a href=\"#adresse-mail\">l'indirizzo e-mail di contatto<\/a> all'inizio della pagina.<\/p>\n\n\n\n<p><strong>Biscotti<\/strong><br>Il Sito utilizza i cookie per migliorare l'esperienza dell'utente, compilare statistiche sulle visite e offrire servizi personalizzati. Per saperne di pi\u00f9 e configurare i cookie, visitate il sito <a href=\"https:\/\/033.stand.pm\/woo\/mentions-legales\/politique-de-confidentialite\/\" data-type=\"page\" data-id=\"160\" target=\"_blank\" rel=\"noopener\">Informativa sulla privacy<\/a>.<\/p>\n\n\n\n<p><strong>Legge applicabile e giurisdizione<\/strong><br>Qualsiasi controversia derivante dall'utilizzo del Sito \u00e8 soggetta alla legge francese. La giurisdizione esclusiva \u00e8 attribuita ai tribunali competenti del dipartimento della Societ\u00e0.<\/p>\n\n\n\n<p><strong>Contatto<\/strong><br>Per qualsiasi domanda o richiesta di informazioni sui prodotti o servizi presentati sul sito, o sul sito stesso, \u00e8 possibile inviare un messaggio a <a href=\"#adresse-mail\">l'indirizzo e-mail di contatto<\/a> all'inizio della pagina.<\/p>","protected":false},"excerpt":{"rendered":"<p>Editore del sito Hosting Propriet\u00e0 intellettuale L'intero contenuto del sito CASTAGNINA.COM, di seguito denominato \u2018Sito\u2019: testi, immagini, grafica, logo, icone, suoni, software, ecc., \u00e8 di propriet\u00e0 di Vannina Bernard-L\u00e9oni, di seguito denominata \u2019Azienda\u2019, ed \u00e8 soggetto ad autorizzazione d'uso. Qualsiasi riproduzione, rappresentazione, modifica, pubblicazione, adattamento di tutto o parte degli elementi del sito, indipendentemente da...<\/p>","protected":false},"author":1,"featured_media":0,"parent":0,"menu_order":0,"comment_status":"closed","ping_status":"closed","template":"","meta":{"_acf_changed":false,"_kad_blocks_custom_css":"","_kad_blocks_head_custom_js":"","_kad_blocks_body_custom_js":"","_kad_blocks_footer_custom_js":"","_kad_post_transparent":"disable","_kad_post_title":"show","_kad_post_layout":"narrow","_kad_post_sidebar_id":"","_kad_post_content_style":"unboxed","_kad_post_vertical_padding":"hide","_kad_post_feature":"hide","_kad_post_feature_position":"","_kad_post_header":false,"_kad_post_footer":false,"_kad_post_classname":"","footnotes":""},"class_list":["post-149","page","type-page","status-publish","hentry"],"acf":[],"taxonomy_info":[],"featured_image_src_large":false,"author_info":{"display_name":"001wm","author_link":"https:\/\/castagnina.com\/it\/author\/001wm\/"},"comment_info":"","_links":{"self":[{"href":"https:\/\/castagnina.com\/it\/wp-json\/wp\/v2\/pages\/149","targetHints":{"allow":["GET"]}}],"collection":[{"href":"https:\/\/castagnina.com\/it\/wp-json\/wp\/v2\/pages"}],"about":[{"href":"https:\/\/castagnina.com\/it\/wp-json\/wp\/v2\/types\/page"}],"author":[{"embeddable":true,"href":"https:\/\/castagnina.com\/it\/wp-json\/wp\/v2\/users\/1"}],"replies":[{"embeddable":true,"href":"https:\/\/castagnina.com\/it\/wp-json\/wp\/v2\/comments?post=149"}],"version-history":[{"count":0,"href":"https:\/\/castagnina.com\/it\/wp-json\/wp\/v2\/pages\/149\/revisions"}],"wp:attachment":[{"href":"https:\/\/castagnina.com\/it\/wp-json\/wp\/v2\/media?parent=149"}],"curies":[{"name":"wp","href":"https:\/\/api.w.org\/{rel}","templated":true}]}}